{"id":23,"date":"2020-02-25T10:25:29","date_gmt":"2020-02-25T09:25:29","guid":{"rendered":"http:\/\/www.charente2050.fr\/?page_id=23"},"modified":"2025-01-20T15:42:28","modified_gmt":"2025-01-20T14:42:28","slug":"charente-2050-hp","status":"publish","type":"page","link":"https:\/\/www.charente2050.fr\/","title":{"rendered":"Bienvenue en 2050&#8230;"},"content":{"rendered":"\n<section id=\"section-5cd04d79-cec6-43a0-b894-157a9085b80c\" class=\"wp-block-gutentor-call-to-action alignwide gutentor-section  gutentor-calltoaction call-to-action-template3 has-image-bg has-custom-bg has-gutentor-overlay\"><div class=\"grid-container\"><div class=\"gutentor-grid-item-wrap wow animated undefined\"><div class=\"gutentor-single-item\"><div class=\"gutentor-single-item-content\"><h2 class=\"gutentor-single-item-title\"> Bienvenue en 2050 sur le territoire <br>du bassin du Fleuve Charente. <\/h2><div class=\"gutentor-single-item-desc\"><p class=\"gutentor-single-item-desc\"><strong>Pour anticiper les changements \u00e0 venir, nous avons voulu mettre en place une vaste \u00e9tude exploratoire sur l&rsquo;ensemble du bassin.<br><br>Ce site a donc pour vocation de vous donner tous les \u00e9l\u00e9ments de compr\u00e9hension de notre environnement futur, de pr\u00e9senter le plan d&rsquo;action mis en oeuvre par tous les acteurs publics, \u00e9conomiques et associatifs dans le but de mieux pr\u00e9parer l&rsquo;avenir et les besoins en eau et la gestion des milieux.<\/strong><\/p><\/div><div class=\"gutentor-button-group\"><\/div><\/div><\/div><\/div><\/div><\/section>\n\n\n\n<p><\/p>\n\n\n\n<section id=\"section-0fa93b72-62af-417a-9de2-9f21078ab22b\" class=\"wp-block-gutentor-icon-box gutentor-section gutentor-icon-wrapper icon-template2 has-color-bg has-custom-bg\"><div class=\"grid-container\"><div class=\"grid-row gutentor-grid-item-wrap\"><div class=\"gutentor-grid-column grid-lg-4 grid-md-4 grid-12\"><div class=\"gutentor-single-item gutentor-icon gutentor-single-item-0\"><div class=\"gutentor-single-item-wrap\"><div class=\"gutentor-single-item-icon-box\"><i class=\"fas fa-eye\"><\/i><\/div><div class=\"gutentor-single-item-content\"><h4 class=\"gutentor-single-item-title\">Quel territoire pour le bassin versant du fleuve Charente <\/h4><p class=\"gutentor-single-item-desc\">La Charente\u00a0est l\u2019\u00e9pine dorsale d\u2019un syst\u00e8me hydrographique comportant 6 650 km de cours d\u2019eau soutenus par les apports de 22 affluents et d\u00e9roule son cours sur 365 km <\/p><a class=\"gutentor-button gutentor-single-item-button gutentor-icon-hide\" href=\"http:\/\/www.charente2050.fr\/?page_id=58\"><i class=\"gutentor-button-icon fas fa-book\"><\/i><span>En savoir plus<\/span><\/a><\/div><\/div><\/div><\/div><div class=\"gutentor-grid-column grid-lg-4 grid-md-4 grid-12\"><div class=\"gutentor-single-item gutentor-icon gutentor-single-item-1\"><div class=\"gutentor-single-item-wrap\"><div class=\"gutentor-single-item-icon-box\"><i class=\"far fa-comments\"><\/i><\/div><div class=\"gutentor-single-item-content\"><h4 class=\"gutentor-single-item-title\">L&rsquo;ing\u00e9niosit\u00e9 collective pour co-construire avec les acteurs locaux <\/h4><p class=\"gutentor-single-item-desc\">Pour coller aux r\u00e9alit\u00e9s du territoire, des ateliers de travail collaboratif ont \u00e9t\u00e9 organis\u00e9s pour aboutir \u00e0 un plan d&rsquo;actions partag\u00e9 <\/p><a class=\"gutentor-button gutentor-single-item-button gutentor-icon-hide\" href=\"http:\/\/www.charente2050.fr\/?page_id=61\"><i class=\"gutentor-button-icon fas fa-book\"><\/i><span>En savoir plus<\/span><\/a><\/div><\/div><\/div><\/div><div class=\"gutentor-grid-column grid-lg-4 grid-md-4 grid-12\"><div class=\"gutentor-single-item gutentor-icon gutentor-single-item-2\"><div class=\"gutentor-single-item-wrap\"><div class=\"gutentor-single-item-icon-box\"><i class=\"fas fa-tint\"><\/i><\/div><div class=\"gutentor-single-item-content\"><h4 class=\"gutentor-single-item-title\">Quelles sont les donn\u00e9es techniques de l&rsquo;\u00e9tat des lieux territorial <\/h4><p class=\"gutentor-single-item-desc\">Un \u00e9clairage sp\u00e9cifique sur des \u00e9l\u00e9ments d\u00e9terminants pour l\u2019avenir (am\u00e9nagement du territoire, gestion des ressources en eau, climat, &#8230;) <\/p><a class=\"gutentor-button gutentor-single-item-button gutentor-icon-hide\" href=\"http:\/\/www.charente2050.fr\/?page_id=64\"><i class=\"gutentor-button-icon fas fa-book\"><\/i><span>En savoir plus<\/span><\/a><\/div><\/div><\/div><\/div><\/div><\/div><\/section>\n\n\n\n<p><\/p>\n\n\n\n<section id=\"section-f4fefc24-9d9e-4ac9-9d75-f71e7a6d81b8\" class=\"wp-block-gutentor-about-block gutentor-section gutentor-about about-template1 has-color-bg has-custom-bg\"><div class=\"grid-container\"><div class=\"gutentor-grid-item-wrap\"><div class=\"gutentor-single-item\"><div class=\"grid-row\"><div class=\"grid-md-6 about-grid\"><div class=\"gutentor-single-item-image-box\"><div class=\"gutentor-image-thumb\"><img class=\"normal-image\" src=\"http:\/\/www.charente2050.fr\/wp-content\/uploads\/2020\/02\/150722-22-saintonge_WEB.jpg\" alt=\"\"\/><\/div><\/div><\/div><div class=\"grid-md-6 about-grid\"><div class=\"gutentor-single-item-content\"><div class=\"gutentor-about-content\"><h3 class=\"gutentor-single-item-title\">Mieux comprendre les enjeux de son territoire<\/h3><p class=\"gutentor-single-item-desc\">Le bassin de la Charente se caract\u00e9rise par une vuln\u00e9rabilit\u00e9 forte au changement climatique sur de nombreuses th\u00e9matiques : disponibilit\u00e9 en eau superficielle et souterraine, eutrophisation des eaux, &#8230;\u00a0<br>Pour pouvoir construire des sc\u00e9narios futurs, il est n\u00e9cessaire de passer par une phase de diagnostic permettant de caract\u00e9riser les \u00e9volutions pass\u00e9es afin d\u2019identifier les enjeux et les variables responsables des changements observ\u00e9s.\u00a0<\/p><a class=\"gutentor-button gutentor-single-item-button gutentor-icon-hide\" href=\"#\"><i class=\"gutentor-button-icon fas fa-book\"><\/i><span>En savoir plus&#8230;<\/span><\/a><\/div><\/div><\/div><\/div><\/div><\/div><\/div><\/section>\n\n\n\n<p><\/p>\n\n\n\n<section id=\"section-b685ad6a-748f-433c-ad97-fe6dc21d8716\" class=\"wp-block-gutentor-advanced-columns gutentor-section gutentor-advanced-columns has-image-bg has-custom-bg has-gutentor-overlay\"><div class=\"grid-container\"><div class=\"grid-row\">\n<div id=\"section-8b807d75-acbe-4ea4-a1d3-e57c99401044\" class=\"wp-block-gutentor-single-column gutentor-single-column  grid-lg-6 grid-md-12 grid-12\">\n<div id=\"section-0de82a1c-3b8d-48bf-b133-a68c359de3d0\" class=\"wp-block-gutentor-content-box gutentor-section gutentor-content-box-wrapper content-template1\"><div class=\"grid-container\"><div class=\"grid-row gutentor-grid-item-wrap\"><div class=\"gutentor-grid-column grid-lg-12 grid-md-12 grid-12\"><div class=\"gutentor-single-item gutentor-single-item-0\"><div class=\"gutentor-single-item-wrap\"><div class=\"gutentor-single-item-content\"><h3 class=\"gutentor-single-item-title\">Pour mieux int\u00e9grer toutes les subtilit\u00e9s du territoire dans les futurs possibles<\/h3><p class=\"gutentor-single-item-desc\"> Dans le cadre de la d\u00e9marche prospective Charente 2050, des acteurs de tout horizon ont particip\u00e9 aux ateliers organis\u00e9s \u00e0 Saintes, Salignac-sur-Charente, Jarnac, Brouage, Chateaubernard, Jauldes et St Julien de l&rsquo;Escap.<br>Au terme de ces travaux collectifs, un plan d&rsquo;adaption construit autour de 9 axes strat\u00e9giques a vu le jour. Ces ateliers ont permis aux acteurs d\u2019\u00e9changer librement sur leur vision du territoire \u00e0 un horizon lointain permettant de s\u2019affranchir des contraintes actuelles.<\/p><\/div><\/div><\/div><\/div><\/div><\/div><\/div>\n<\/div>\n\n\n\n<div id=\"section-e0f8b9d0-31ee-4be1-bbdf-ac38c906fa4a\" class=\"wp-block-gutentor-single-column gutentor-single-column  grid-lg-6 grid-md-12 grid-12\">\n<div id=\"section-9f2a5a9c-5305-4a43-b57a-a458333e612f\" class=\"wp-block-gutentor-counter-box gutentor-section gutentor-counter-wrapper counter-template3 has-image-bg has-custom-bg\"><div class=\"grid-container\"><div class=\"grid-row gutentor-grid-item-wrap\"><div class=\"gutentor-grid-column grid-lg-6 grid-md-6 grid-12\"><div class=\"gutentor-single-item gutentor-counter gutentor-single-item-0\"><div class=\"gutentor-single-item-wrap\"><div class=\"gutentor-single-item-icon-box\"><i class=\"fas fa-bullhorn\"><\/i><\/div><div class=\"gutentor-single-item-content\"><h2 class=\"gutentor-single-item-number\" data-duration=\"2\" data-start=\"0\" data-end=\"24\"><\/h2><p class=\"gutentor-single-item-title\">Ateliers participatifs<\/p><\/div><\/div><\/div><\/div><div class=\"gutentor-grid-column grid-lg-6 grid-md-6 grid-12\"><div class=\"gutentor-single-item gutentor-counter gutentor-single-item-1\"><div class=\"gutentor-single-item-wrap\"><div class=\"gutentor-single-item-icon-box\"><i class=\"fas fa-users\"><\/i><\/div><div class=\"gutentor-single-item-content\"><h2 class=\"gutentor-single-item-number\" data-duration=\"2\" data-start=\"0\" data-end=\"450\"><\/h2><p class=\"gutentor-single-item-title\">Participants<\/p><\/div><\/div><\/div><\/div><div class=\"gutentor-grid-column grid-lg-6 grid-md-6 grid-12\"><div class=\"gutentor-single-item gutentor-counter gutentor-single-item-2\"><div class=\"gutentor-single-item-wrap\"><div class=\"gutentor-single-item-icon-box\"><i class=\"fas fa-arrows-alt\"><\/i><\/div><div class=\"gutentor-single-item-content\"><h2 class=\"gutentor-single-item-number\" data-duration=\"2\" data-start=\"0\" data-end=\"78\"><\/h2><p class=\"gutentor-single-item-title\">Enjeux majeurs r\u00e9pertori\u00e9s<\/p><\/div><\/div><\/div><\/div><div class=\"gutentor-grid-column grid-lg-6 grid-md-6 grid-12\"><div class=\"gutentor-single-item gutentor-counter gutentor-single-item-3\"><div class=\"gutentor-single-item-wrap\"><div class=\"gutentor-single-item-icon-box\"><i class=\"far fa-smile\"><\/i><\/div><div class=\"gutentor-single-item-content\"><h2 class=\"gutentor-single-item-number\" data-duration=\"2\" data-start=\"0\" data-end=\"40\"><\/h2><p class=\"gutentor-single-item-title\">Sc\u00e9narios prospectifs imagin\u00e9s<\/p><\/div><\/div><\/div><\/div><\/div><\/div><\/div>\n<\/div>\n<\/div><\/div><\/section>\n\n\n\n<p><\/p>\n\n\n\n<section id=\"section-9d3a7f3a-97c4-4ded-9338-e6b7096ac4d1\" class=\"wp-block-gutentor-team gutentor-section gutentor-team team-template1 has-image-bg has-custom-bg has-gutentor-overlay\"><div class=\"grid-container\"><div class=\"gutentor-block-header\"><div class=\"gutentor-section-title enable-title-design seperator-bottom text-center\"><h2 class=\"gutentor-title\">T\u00e9moignages de participants<\/h2><\/div><\/div><div class=\"grid-row gutentor-grid-item-wrap\"><div class=\"gutentor-grid-column grid-lg-4 grid-md-4 grid-12\"><div class=\"gutentor-single-item gutentor-image team-template1 gutentor-single-item-0\"><div class=\"gutentor-template-wrapper\"><div class=\"gutentor-single-item-image-box\"><div class=\"gutentor-image-thumb\"><img class=\"normal-image\" src=\"http:\/\/www.charente2050.fr\/wp-content\/uploads\/2021\/05\/SUPIOT.jpg\" alt=\"L Supiot\"\/><\/div><\/div><div class=\"gutentor-single-item-content\"><h3 class=\"gutentor-single-item-title\">Ludovic SUPIOT<\/h3><p class=\"gutentor-single-item-designation\">  F\u00e9d\u00e9ration de p\u00eache de la Charente<\/p><p class=\"gutentor-single-item-desc\"> \u00ab\u00a0Ce style de r\u00e9union, il y a 15 ans c&rsquo;\u00e9tait inimaginable. On vient tous de prendre conscience qu&rsquo;il y a des enjeux climatiques forts. Il faut f\u00e9d\u00e9rer autour d&rsquo;un objectif commun : l&rsquo;eau.\u00a0\u00bb<\/p><\/div><\/div><\/div><\/div><div class=\"gutentor-grid-column grid-lg-4 grid-md-4 grid-12\"><div class=\"gutentor-single-item gutentor-image team-template1 gutentor-single-item-1\"><div class=\"gutentor-template-wrapper\"><div class=\"gutentor-single-item-image-box\"><div class=\"gutentor-image-thumb\"><img class=\"normal-image\" src=\"http:\/\/www.charente2050.fr\/wp-content\/uploads\/2021\/05\/NDah.jpg\" alt=\"N'Dah\"\/><\/div><\/div><div class=\"gutentor-single-item-content\"><h3 class=\"gutentor-single-item-title\"> Th\u00e9r\u00e8se N&rsquo;DAH <\/h3><p class=\"gutentor-single-item-designation\">OUGC Cogest&rsquo;Eau<\/p><p class=\"gutentor-single-item-desc\"> \u00ab\u00a0L&rsquo;atelier \u00e9tait constructif. Les diff\u00e9rentes professions pr\u00e9sentes \u00e9taient dans la construction plut\u00f4t que dans la confrontation. Chacun a \u00e9mis son id\u00e9e en conc\u00e9dant que l&rsquo;id\u00e9e de l&rsquo;autre n&rsquo;\u00e9tait pas forc\u00e9ment la m\u00eame. \u00a0\u00bb <\/p><\/div><\/div><\/div><\/div><div class=\"gutentor-grid-column grid-lg-4 grid-md-4 grid-12\"><div class=\"gutentor-single-item gutentor-image team-template1 gutentor-single-item-2\"><div class=\"gutentor-template-wrapper\"><div class=\"gutentor-single-item-image-box\"><div class=\"gutentor-image-thumb\"><img class=\"normal-image\" src=\"http:\/\/www.charente2050.fr\/wp-content\/uploads\/2021\/05\/BRANGER.jpg\" alt=\"Branger\"\/><\/div><\/div><div class=\"gutentor-single-item-content\"><h3 class=\"gutentor-single-item-title\">Christian BRANGER <\/h3><p class=\"gutentor-single-item-designation\">     Conseiller d\u00e9partemental de la Charente-Maritime <\/p><p class=\"gutentor-single-item-desc\">\u00ab\u00a0C&rsquo;est un sujet passionnant, il faut absolument envisager les enjeux, les sc\u00e9narios pour l&rsquo;avenir de la Charente, pour les 30 prochaines ann\u00e9es. C&rsquo;est passionnant !\u00a0\u00bb<\/p><\/div><\/div><\/div><\/div><\/div><\/div><\/section>\n\n\n\n<div class=\"wp-block-columns\">\n<div class=\"wp-block-column\" style=\"flex-basis:100%\">\n<hr class=\"wp-block-separator has-text-color has-background has-white-background-color has-white-color\"\/>\n\n\n\n<div class=\"wp-block-group\"><div class=\"wp-block-group__inner-container\">\n<div class=\"wp-block-group\"><div class=\"wp-block-group__inner-container\"><\/div><\/div>\n\n\n\n<p><\/p>\n<\/div><\/div>\n\n\n\n<div class=\"wp-block-group\"><div class=\"wp-block-group__inner-container\">\n<div class=\"wp-block-columns are-vertically-aligned-center\">\n<div class=\"wp-block-column is-vertically-aligned-center\" style=\"flex-basis:50%\">\n<div class=\"wp-block-group\"><div class=\"wp-block-group__inner-container\">\n<figure class=\"wp-block-image size-large is-resized is-style-default\"><img loading=\"lazy\" src=\"http:\/\/www.charente2050.fr\/wp-content\/uploads\/2025\/01\/Capture-decran-2025-01-20-101418-1024x493.png\" alt=\"\" class=\"wp-image-3438\" width=\"1024\" height=\"493\" srcset=\"https:\/\/www.charente2050.fr\/wp-content\/uploads\/2025\/01\/Capture-decran-2025-01-20-101418-1024x493.png 1024w, https:\/\/www.charente2050.fr\/wp-content\/uploads\/2025\/01\/Capture-decran-2025-01-20-101418-300x145.png 300w, https:\/\/www.charente2050.fr\/wp-content\/uploads\/2025\/01\/Capture-decran-2025-01-20-101418-768x370.png 768w, https:\/\/www.charente2050.fr\/wp-content\/uploads\/2025\/01\/Capture-decran-2025-01-20-101418-1536x740.png 1536w, https:\/\/www.charente2050.fr\/wp-content\/uploads\/2025\/01\/Capture-decran-2025-01-20-101418.png 1932w\" sizes=\"(max-width: 1024px) 100vw, 1024px\" \/><\/figure>\n<\/div><\/div>\n<\/div>\n\n\n\n<div class=\"wp-block-column is-vertically-aligned-center\" style=\"flex-basis:50%\">\n<div class=\"wp-block-columns\">\n<div class=\"wp-block-column\" style=\"flex-basis:100%\">\n<div class=\"wp-block-group\"><div class=\"wp-block-group__inner-container\">\n<div class=\"wp-block-group\"><div class=\"wp-block-group__inner-container\">\n<div class=\"wp-block-columns\">\n<div class=\"wp-block-column is-vertically-aligned-bottom\" style=\"flex-basis:100%\">\n<div class=\"wp-block-columns\">\n<div class=\"wp-block-column is-vertically-aligned-center\" style=\"flex-basis:16.67%\">\n<div class=\"wp-block-group\"><div class=\"wp-block-group__inner-container\">\n<div id=\"section-gcef6e2\" class=\"wp-block-gutentor-e11 alignwide section-gcef6e2 gutentor-element gutentor-element-video-popup g-pos-s-desktop g-pos-d-tablet g-pos-d-mobile text-align-right-desktop text-align-center-mobile\"><div class=\"gutentor-element-video-popup-wrap\"><a class=\"gutentor-video-popup-holder\" href=\"https:\/\/www.youtube.com\/watch?v=FAtx9xzct2w\"><span class=\"video-popup-icon-box\"><i class=\"fas fa-play\"><\/i><\/span><\/a><\/div><\/div>\n<\/div><\/div>\n<\/div>\n\n\n\n<div class=\"wp-block-column\" style=\"flex-basis:16.67%\"><\/div>\n\n\n\n<div class=\"wp-block-column\" style=\"flex-basis:16.67%\"><\/div>\n\n\n\n<div class=\"wp-block-column\" style=\"flex-basis:16.67%\"><\/div>\n\n\n\n<div class=\"wp-block-column\" style=\"flex-basis:16.67%\"><\/div>\n\n\n\n<div class=\"wp-block-column\" style=\"flex-basis:16.67%\"><\/div>\n<\/div>\n\n\n\n<p><\/p>\n<\/div>\n<\/div>\n<\/div><\/div>\n<\/div><\/div>\n<\/div>\n<\/div>\n<\/div>\n<\/div>\n<\/div><\/div>\n<\/div>\n<\/div>\n\n\n\n<section id=\"section-b33c9d36-09a4-4aa8-88c0-ddedac6e98f4\" class=\"wp-block-gutentor-about-block alignwide gutentor-section gutentor-about about-template4 has-color-bg has-custom-bg\"><div class=\"grid-container\"><div class=\"gutentor-grid-item-wrap\"><div class=\"gutentor-single-item\"><div class=\"grid-row\"><div class=\"grid-md-6 about-grid\"><div class=\"gutentor-single-item-content\"><div class=\"gutentor-about-content\"><h3 class=\"gutentor-single-item-title\">Un plan d&rsquo;adaptation pour l&rsquo;avenir du bassin<\/h3><p class=\"gutentor-single-item-desc\">La d\u00e9marche Charente 2050 est arriv\u00e9e \u00e0 son terme avec la pr\u00e9sentation du <a href=\"http:\/\/www.fleuve-charente.net\/wp-content\/files\/Charente2050\/PA_Charente2050_06012023.pdf\" data-type=\"URL\" data-id=\"http:\/\/www.fleuve-charente.net\/wp-content\/files\/Charente2050\/PA_Charente2050_06012023.pdf\" target=\"_blank\" rel=\"noreferrer noopener\">plan d&rsquo;adaptation<\/a> en janvier 2023. Une douzaine d&rsquo;ateliers de travail ont \u00e9t\u00e9 organis\u00e9 en 2021 et 2022 pour r\u00e9unir les acteurs du bassin autour des actions pouvant \u00eatre mises en oeuvre \u00e0 diff\u00e9rentes \u00e9chelles territoriales et diff\u00e9rentes \u00e9chelles de temps. Ce plan d&rsquo;adaptation, imagin\u00e9s par les acteurs du bassin, constitue un guide permettant d&rsquo;alimenter les programmes d&rsquo;actions et les d\u00e9marches des diff\u00e9rentes institutions, collectivit\u00e9s et organismes du bassin de la Charente pour r\u00e9pondre au d\u00e9fi du changement climatique. L&rsquo;ann\u00e9e 2023 constituera la premi\u00e8re ann\u00e9e de mise en oeuvre de ce plan.<\/p><\/div><\/div><\/div><div class=\"grid-md-6 about-grid\"><div class=\"gutentor-single-item-image-box\"><div class=\"gutentor-image-thumb\"><img class=\"normal-image\" src=\"http:\/\/www.charente2050.fr\/wp-content\/uploads\/2020\/02\/LogoCharente2050Baseline-BAT.png\" alt=\"\"\/><\/div><\/div><\/div><\/div><\/div><\/div><\/div><\/section>\n\n\n\n<p><\/p>\n","protected":false},"excerpt":{"rendered":"","protected":false},"author":1,"featured_media":0,"parent":0,"menu_order":0,"comment_status":"closed","ping_status":"closed","template":"","meta":{"_coblocks_attr":"","_coblocks_dimensions":"","_coblocks_responsive_height":"","_coblocks_accordion_ie_support":""},"featured_image_src":null,"featured_image_src_square":null,"uagb_featured_image_src":{"full":false,"thumbnail":false,"medium":false,"medium_large":false,"large":false,"1536x1536":false,"2048x2048":false,"ab-block-post-grid-landscape":false,"ab-block-post-grid-square":false,"ultp_layout_landscape_large":false,"ultp_layout_landscape":false,"ultp_layout_portrait":false,"ultp_layout_square":false,"gb-block-post-grid-landscape":false,"gb-block-post-grid-square":false},"uagb_author_info":{"display_name":"adminCharente2050","author_link":"https:\/\/www.charente2050.fr\/?author=1"},"uagb_comment_info":0,"uagb_excerpt":null,"_links":{"self":[{"href":"https:\/\/www.charente2050.fr\/index.php?rest_route=\/wp\/v2\/pages\/23"}],"collection":[{"href":"https:\/\/www.charente2050.fr\/index.php?rest_route=\/wp\/v2\/pages"}],"about":[{"href":"https:\/\/www.charente2050.fr\/index.php?rest_route=\/wp\/v2\/types\/page"}],"author":[{"embeddable":true,"href":"https:\/\/www.charente2050.fr\/index.php?rest_route=\/wp\/v2\/users\/1"}],"replies":[{"embeddable":true,"href":"https:\/\/www.charente2050.fr\/index.php?rest_route=%2Fwp%2Fv2%2Fcomments&post=23"}],"version-history":[{"count":65,"href":"https:\/\/www.charente2050.fr\/index.php?rest_route=\/wp\/v2\/pages\/23\/revisions"}],"predecessor-version":[{"id":3478,"href":"https:\/\/www.charente2050.fr\/index.php?rest_route=\/wp\/v2\/pages\/23\/revisions\/3478"}],"wp:attachment":[{"href":"https:\/\/www.charente2050.fr\/index.php?rest_route=%2Fwp%2Fv2%2Fmedia&parent=23"}],"curies":[{"name":"wp","href":"https:\/\/api.w.org\/{rel}","templated":true}]}}