{"id":61,"date":"2020-02-25T11:50:35","date_gmt":"2020-02-25T10:50:35","guid":{"rendered":"http:\/\/www.charente2050.fr\/?page_id=61"},"modified":"2020-03-02T14:38:17","modified_gmt":"2020-03-02T13:38:17","slug":"plus-quune-prospective-2050","status":"publish","type":"page","link":"https:\/\/www.charente2050.fr\/?page_id=61","title":{"rendered":"Plus qu&rsquo;une prospective 2050"},"content":{"rendered":"\n<div class=\"wp-block-group\"><div class=\"wp-block-group__inner-container\">\n<section id=\"section-61387905-f1df-4d43-8fa8-787d0550cf98\" class=\"wp-block-gutentor-about-block gutentor-section gutentor-about about-template4 has-color-bg has-custom-bg\"><div class=\"grid-container\"><div class=\"gutentor-grid-item-wrap\"><div class=\"gutentor-single-item\"><div class=\"grid-row\"><div class=\"grid-md-6 about-grid\"><div class=\"gutentor-single-item-content\"><div class=\"gutentor-about-content\"><h3 class=\"gutentor-single-item-title\">Pourquoi anticiper les changements ?<\/h3><p class=\"gutentor-single-item-desc\">Le bassin de la Charente se caract\u00e9rise par une vuln\u00e9rabilit\u00e9 forte au changement climatique sur de nombreuses th\u00e9matiques : disponibilit\u00e9 en eau superficielle et souterraine, eutrophisation des eaux, \u2026 Cela risque d\u2019accentuer les difficult\u00e9s d\u00e9j\u00e0 observ\u00e9es en termes de gestion de l\u2019eau, avec des r\u00e9percussions importantes sur l\u2019\u00e9tat des ressources en eau et sur l\u2019ensemble des activit\u00e9s \u00e9conomiques et des usages qui d\u00e9pendent de cette ressource.<\/p><\/div><\/div><\/div><div class=\"grid-md-6 about-grid\"><div class=\"gutentor-single-item-image-box\"><div class=\"gutentor-image-thumb\"><img class=\"normal-image\" src=\"http:\/\/www.charente2050.fr\/wp-content\/uploads\/2020\/02\/110714-57-bassac_WEB.jpg\" alt=\"\"\/><\/div><\/div><\/div><\/div><\/div><\/div><\/div><\/section>\n<\/div><\/div>\n\n\n\n<div id=\"section-g9c867d\" class=\"wp-block-gutentor-e0 section-g9c867d gutentor-element gutentor-element-advanced-text\"><div class=\"gutentor-text-wrap\"><p class=\"gutentor-text\"><\/p><\/div><\/div>\n\n\n\n<div class=\"wp-block-columns\">\n<div class=\"wp-block-column\">\n<p>L\u2019imp\u00e9ratif d\u2019adaptation du bassin aux effets du changement climatique a donc motiv\u00e9 l\u2019engagement d\u2019une d\u00e9marche prospective et collaborative pour la d\u00e9finition d\u2019une politique d\u2019adaptation et\/ou d\u2019att\u00e9nuation \u00e0 l\u2019horizon 2050.<br><br>La prospective permet de d\u00e9multiplier les regards sur les futurs possibles pour identifier les risques et anticiper les besoins : il n\u2019y a pas de futurs \u00e0 pr\u00e9voir, mais des futurs \u00e0 pr\u00e9parer. La d\u00e9marche repose sur une construction collective.<br><br>La d\u00e9marche Charente 2050 est conduite en plusieurs phases. Les fiches th\u00e9matiques viennent conclure la phase de diagnostic et alimenter les r\u00e9flexions sur les sc\u00e9narios exploratoires.<\/p>\n\n\n\n<figure class=\"wp-block-image size-large\"><img loading=\"lazy\" width=\"1024\" height=\"680\" src=\"http:\/\/www.charente2050.fr\/wp-content\/uploads\/2020\/02\/100702-13-cognac_WEB-1024x680.jpg\" alt=\"\" class=\"wp-image-133\" srcset=\"https:\/\/www.charente2050.fr\/wp-content\/uploads\/2020\/02\/100702-13-cognac_WEB-1024x680.jpg 1024w, https:\/\/www.charente2050.fr\/wp-content\/uploads\/2020\/02\/100702-13-cognac_WEB-300x199.jpg 300w, https:\/\/www.charente2050.fr\/wp-content\/uploads\/2020\/02\/100702-13-cognac_WEB-768x510.jpg 768w, https:\/\/www.charente2050.fr\/wp-content\/uploads\/2020\/02\/100702-13-cognac_WEB.jpg 1500w\" sizes=\"(max-width: 1024px) 100vw, 1024px\" \/><\/figure>\n<\/div>\n\n\n\n<div class=\"wp-block-column\">\n<p style=\"font-weight:normal\" class=\"has-larger-font-size has-custom-weight\">Le diagnostic prospectif<\/p>\n\n\n\n<p>Pour pouvoir construire des scenarios, il est n\u00e9cessaire de passer par une phase de diagnostic permettant de caract\u00e9riser les \u00e9volutions pass\u00e9es afin d\u2019identifier les enjeux et les variables responsables des changements observ\u00e9s. Le diagnostic met en avant les dynamiques territoriales en interrogeant les \u00e9l\u00e9ments d\u00e9terminants pour l\u2019avenir en lien avec l\u2019am\u00e9nagement du territoire et la gestion des ressources en eau sous l\u2019effet du changement climatique.<\/p>\n\n\n\n<p>On retrouve ainsi :<\/p>\n\n\n\n<ul><li>Le changement climatique, dont les effets pour le bassin sont issues de diff\u00e9rents travaux et mod\u00e9lisation scientifique (les r\u00e9ponses \u00e0 apporter d\u00e9passent g\u00e9n\u00e9ralement le p\u00e9rim\u00e8tre du bassin de la Charente) ;<\/li><li>Les forces motrices du territoire, sur la base desquelles peut se construire une politique d\u2019att\u00e9nuation et\/ou d\u2019adaptation ;<\/li><li>Les ressources en eau et les milieux aquatiques et humides, qui sont impact\u00e9es \u00e0 la fois par le changement climatique et par la gestion qui en est fait aujourd\u2019hui.<\/li><\/ul>\n<\/div>\n<\/div>\n\n\n\n<p><\/p>\n","protected":false},"excerpt":{"rendered":"<p>L\u2019imp\u00e9ratif d\u2019adaptation du bassin aux effets du changement climatique a donc motiv\u00e9 l\u2019engagement d\u2019une d\u00e9marche prospective et collaborative pour la d\u00e9finition d\u2019une politique d\u2019adaptation et\/ou d\u2019att\u00e9nuation \u00e0 l\u2019horizon 2050. La prospective permet de d\u00e9multiplier les regards sur les futurs possibles pour identifier les risques et anticiper les besoins : il n\u2019y a pas de futurs [&hellip;]<\/p>\n","protected":false},"author":1,"featured_media":0,"parent":0,"menu_order":0,"comment_status":"closed","ping_status":"closed","template":"","meta":{"_coblocks_attr":"","_coblocks_dimensions":"","_coblocks_responsive_height":"","_coblocks_accordion_ie_support":""},"featured_image_src":null,"featured_image_src_square":null,"uagb_featured_image_src":{"full":false,"thumbnail":false,"medium":false,"medium_large":false,"large":false,"1536x1536":false,"2048x2048":false,"ab-block-post-grid-landscape":false,"ab-block-post-grid-square":false,"ultp_layout_landscape_large":false,"ultp_layout_landscape":false,"ultp_layout_portrait":false,"ultp_layout_square":false,"gb-block-post-grid-landscape":false,"gb-block-post-grid-square":false},"uagb_author_info":{"display_name":"adminCharente2050","author_link":"https:\/\/www.charente2050.fr\/?author=1"},"uagb_comment_info":0,"uagb_excerpt":"L\u2019imp\u00e9ratif d\u2019adaptation du bassin aux effets du changement climatique a donc motiv\u00e9 l\u2019engagement d\u2019une d\u00e9marche prospective et collaborative pour la d\u00e9finition d\u2019une politique d\u2019adaptation et\/ou d\u2019att\u00e9nuation \u00e0 l\u2019horizon 2050. La prospective permet de d\u00e9multiplier les regards sur les futurs possibles pour identifier les risques et anticiper les besoins : il n\u2019y a pas de futurs\u2026","_links":{"self":[{"href":"https:\/\/www.charente2050.fr\/index.php?rest_route=\/wp\/v2\/pages\/61"}],"collection":[{"href":"https:\/\/www.charente2050.fr\/index.php?rest_route=\/wp\/v2\/pages"}],"about":[{"href":"https:\/\/www.charente2050.fr\/index.php?rest_route=\/wp\/v2\/types\/page"}],"author":[{"embeddable":true,"href":"https:\/\/www.charente2050.fr\/index.php?rest_route=\/wp\/v2\/users\/1"}],"replies":[{"embeddable":true,"href":"https:\/\/www.charente2050.fr\/index.php?rest_route=%2Fwp%2Fv2%2Fcomments&post=61"}],"version-history":[{"count":5,"href":"https:\/\/www.charente2050.fr\/index.php?rest_route=\/wp\/v2\/pages\/61\/revisions"}],"predecessor-version":[{"id":432,"href":"https:\/\/www.charente2050.fr\/index.php?rest_route=\/wp\/v2\/pages\/61\/revisions\/432"}],"wp:attachment":[{"href":"https:\/\/www.charente2050.fr\/index.php?rest_route=%2Fwp%2Fv2%2Fmedia&parent=61"}],"curies":[{"name":"wp","href":"https:\/\/api.w.org\/{rel}","templated":true}]}}