{"id":76,"date":"2020-02-25T11:52:42","date_gmt":"2020-02-25T10:52:42","guid":{"rendered":"http:\/\/www.charente2050.fr\/?page_id=76"},"modified":"2021-05-17T09:11:20","modified_gmt":"2021-05-17T07:11:20","slug":"qui-sommes-nous","status":"publish","type":"page","link":"https:\/\/www.charente2050.fr\/?page_id=76","title":{"rendered":"Qui sommes-nous ?"},"content":{"rendered":"\n<section id=\"section-1a91ec33-e200-4e4f-a712-ebb1830ba1d6\" class=\"wp-block-gutentor-featured-block gutentor-section gutentor-featured-block featured-template1\"><div class=\"grid-container\"><div class=\"gutentor-block-header\"><div class=\"gutentor-section-title enable-title-design seperator-bottom text-center\"><h2 class=\"gutentor-title\">Une d\u00e9marche pour inventer ensemble le territoire du futur<\/h2><\/div><\/div><div class=\"gutentor-grid-item-wrap\"><div class=\"gutentor-single-item\"><div class=\"grid-row\"><div class=\"grid-md-6\"><div class=\"gutentor-single-item-image-box\"><div class=\"gutentor-image-thumb\"><img class=\"normal-image\" src=\"http:\/\/www.charente2050.fr\/wp-content\/uploads\/2021\/05\/CR-Synthese-Ateliers-Version1-Light.jpg\" alt=\"\"\/><\/div><\/div><\/div><div class=\"grid-md-6\"><div class=\"gutentor-single-item-content\"><div class=\"gutentor-featured-content\"><h3 class=\"gutentor-single-item-title\">Prospective \u00e0 l&rsquo;\u00e9chelle 2050<\/h3><p class=\"gutentor-single-item-desc\">La d\u00e9marche Charente 2050 est le fruit de la concertation avec l&rsquo;ensemble des acteurs publics, priv\u00e9s, \u00e9conomiques et associatifs du bassin de la Charente. Elle est port\u00e9e par l&rsquo;<a rel=\"noreferrer noopener\" href=\"https:\/\/www.fleuve-charente.net\/\" data-type=\"URL\" data-id=\"https:\/\/www.fleuve-charente.net\/\" target=\"_blank\">EPTB Charente<\/a> accompagn\u00e9 d&rsquo;un groupement d&rsquo;entreprises priv\u00e9es permettant de mobiliser l&rsquo;ensemble des comp\u00e9tences n\u00e9cessaires au d\u00e9roul\u00e9 de la d\u00e9marche : <a rel=\"noreferrer noopener\" href=\"https:\/\/www.anteagroup.fr\/\" data-type=\"URL\" data-id=\"https:\/\/www.anteagroup.fr\/\" target=\"_blank\">Antea Group<\/a>, <a rel=\"noreferrer noopener\" href=\"http:\/\/www.lafabriqueparticipative.fr\/\" data-type=\"URL\" data-id=\"http:\/\/www.lafabriqueparticipative.fr\/\" target=\"_blank\">La Fabrique Participative<\/a>, <a rel=\"noreferrer noopener\" href=\"https:\/\/bonnie-and-com.fr\/\" data-type=\"URL\" data-id=\"https:\/\/bonnie-and-com.fr\/\" target=\"_blank\">Bonnie and Com<\/a>. Charente 2050 est port\u00e9 par l&rsquo;EPTB Charente, avec le soutien financier de l&rsquo;<a rel=\"noreferrer noopener\" href=\"http:\/\/www.eau-adour-garonne.fr\/fr\/index.html\" data-type=\"URL\" data-id=\"http:\/\/www.eau-adour-garonne.fr\/fr\/index.html\" target=\"_blank\">Agence de l&rsquo;Eau Adour-Garonne<\/a> et la <a rel=\"noreferrer noopener\" href=\"https:\/\/www.nouvelle-aquitaine.fr\/\" data-type=\"URL\" data-id=\"https:\/\/www.nouvelle-aquitaine.fr\/\" target=\"_blank\">R\u00e9gion Nouvelle Aquitaine<\/a>.<\/p><\/div><\/div><\/div><\/div><\/div><\/div><\/div><\/section>\n\n\n\n<p>L\u2019EPTB Charente, ma\u00eetre d&rsquo;ouvrage de la d\u00e9marche, est un groupement de collectiv\u00e9s territoriales. Il a \u00e9t\u00e9 cr\u00e9\u00e9 en 1977, suite \u00e0 la grande s\u00e9cheresse de 1976, par les&nbsp;quatre conseils g\u00e9n\u00e9raux des d\u00e9partements de l&rsquo;ex-r\u00e9gion Poitou-Charentes : Charente, Charente-Maritime, Deux-S\u00e8vres et Vienne. Aujourd&rsquo;hui, les membres de l&rsquo;EPTB Charente sont les d\u00e9partements, la r\u00e9gion Nouvelle-Aquitaine, les communaut\u00e9s de communes et d&rsquo;agglom\u00e9ration et les syndicats de bassins versants.<\/p>\n\n\n\n<p>Il a pour mission de promouvoir la gestion de l\u2019eau \u00e0 l\u2019\u00e9chelle du bassin de la Charente en r\u00e9alisant les \u00e9tudes et les travaux permettant l\u2019am\u00e9lioration du r\u00e9gime hydraulique tant en crue qu\u2019en \u00e9tiage, le maintien ou la reconqu\u00eate de la qualit\u00e9 des eaux et des milieux aquatiques, la valorisation touristique du fleuve et de ses affluents.<\/p>\n\n\n\n<p>Il favorise la concertation entre les collectivit\u00e9s territoriales comp\u00e9tentes pour cette gestion.<\/p>\n\n\n\n<div id=\"section-g2151a5\" class=\"wp-block-gutentor-e6 section-g2151a5 gutentor-element gutentor-element-image\"><div class=\"gutentor-element-image-box\"><div class=\"gutentor-image-thumb\"><img class=\"normal-image\" src=\"http:\/\/www.charente2050.fr\/wp-content\/uploads\/2021\/05\/EPTB-Atelier-concertation.png\" alt=\"Atelier concertation Charente 2050\"\/><\/div><\/div><\/div>\n","protected":false},"excerpt":{"rendered":"<p>L\u2019EPTB Charente, ma\u00eetre d&rsquo;ouvrage de la d\u00e9marche, est un groupement de collectiv\u00e9s territoriales. Il a \u00e9t\u00e9 cr\u00e9\u00e9 en 1977, suite \u00e0 la grande s\u00e9cheresse de 1976, par les&nbsp;quatre conseils g\u00e9n\u00e9raux des d\u00e9partements de l&rsquo;ex-r\u00e9gion Poitou-Charentes : Charente, Charente-Maritime, Deux-S\u00e8vres et Vienne. Aujourd&rsquo;hui, les membres de l&rsquo;EPTB Charente sont les d\u00e9partements, la r\u00e9gion Nouvelle-Aquitaine, les communaut\u00e9s [&hellip;]<\/p>\n","protected":false},"author":1,"featured_media":0,"parent":0,"menu_order":0,"comment_status":"closed","ping_status":"closed","template":"","meta":{"_coblocks_attr":"","_coblocks_dimensions":"","_coblocks_responsive_height":"","_coblocks_accordion_ie_support":""},"featured_image_src":null,"featured_image_src_square":null,"uagb_featured_image_src":{"full":false,"thumbnail":false,"medium":false,"medium_large":false,"large":false,"1536x1536":false,"2048x2048":false,"ab-block-post-grid-landscape":false,"ab-block-post-grid-square":false,"ultp_layout_landscape_large":false,"ultp_layout_landscape":false,"ultp_layout_portrait":false,"ultp_layout_square":false,"gb-block-post-grid-landscape":false,"gb-block-post-grid-square":false},"uagb_author_info":{"display_name":"adminCharente2050","author_link":"https:\/\/www.charente2050.fr\/?author=1"},"uagb_comment_info":0,"uagb_excerpt":"L\u2019EPTB Charente, ma\u00eetre d&rsquo;ouvrage de la d\u00e9marche, est un groupement de collectiv\u00e9s territoriales. Il a \u00e9t\u00e9 cr\u00e9\u00e9 en 1977, suite \u00e0 la grande s\u00e9cheresse de 1976, par les&nbsp;quatre conseils g\u00e9n\u00e9raux des d\u00e9partements de l&rsquo;ex-r\u00e9gion Poitou-Charentes : Charente, Charente-Maritime, Deux-S\u00e8vres et Vienne. Aujourd&rsquo;hui, les membres de l&rsquo;EPTB Charente sont les d\u00e9partements, la r\u00e9gion Nouvelle-Aquitaine, les communaut\u00e9s\u2026","_links":{"self":[{"href":"https:\/\/www.charente2050.fr\/index.php?rest_route=\/wp\/v2\/pages\/76"}],"collection":[{"href":"https:\/\/www.charente2050.fr\/index.php?rest_route=\/wp\/v2\/pages"}],"about":[{"href":"https:\/\/www.charente2050.fr\/index.php?rest_route=\/wp\/v2\/types\/page"}],"author":[{"embeddable":true,"href":"https:\/\/www.charente2050.fr\/index.php?rest_route=\/wp\/v2\/users\/1"}],"replies":[{"embeddable":true,"href":"https:\/\/www.charente2050.fr\/index.php?rest_route=%2Fwp%2Fv2%2Fcomments&post=76"}],"version-history":[{"count":6,"href":"https:\/\/www.charente2050.fr\/index.php?rest_route=\/wp\/v2\/pages\/76\/revisions"}],"predecessor-version":[{"id":330,"href":"https:\/\/www.charente2050.fr\/index.php?rest_route=\/wp\/v2\/pages\/76\/revisions\/330"}],"wp:attachment":[{"href":"https:\/\/www.charente2050.fr\/index.php?rest_route=%2Fwp%2Fv2%2Fmedia&parent=76"}],"curies":[{"name":"wp","href":"https:\/\/api.w.org\/{rel}","templated":true}]}}