{"id":81,"date":"2020-02-25T11:54:04","date_gmt":"2020-02-25T10:54:04","guid":{"rendered":"http:\/\/www.charente2050.fr\/?page_id=81"},"modified":"2021-06-08T16:59:00","modified_gmt":"2021-06-08T14:59:00","slug":"ateliers-et-scenarios-exploratoires","status":"publish","type":"page","link":"https:\/\/www.charente2050.fr\/?page_id=81","title":{"rendered":"M\u00e9thodologie Ateliers et sc\u00e9narios exploratoires"},"content":{"rendered":"\n<p><\/p>\n\n\n\n<section id=\"section-8169cbac-3fe2-42c5-a44c-5ee03b1ef9d9\" class=\"wp-block-gutentor-about-block gutentor-section gutentor-about about-template4 has-color-bg has-custom-bg\"><div class=\"grid-container\"><div class=\"gutentor-grid-item-wrap\"><div class=\"gutentor-single-item\"><div class=\"grid-row\"><div class=\"grid-md-6 about-grid\"><div class=\"gutentor-single-item-content\"><div class=\"gutentor-about-content\"><h3 class=\"gutentor-single-item-title\">6 ateliers participatifs ENJEUX<\/h3><p class=\"gutentor-single-item-desc\"><br>La d\u00e9marche prospective repose sur une construction collective : <strong>la prospective Charente 2050 <\/strong>doit \u00e9maner des acteurs du territoire. Ces ateliers ont donc eu pour objet d&rsquo;\u00e9laborer un diagnostic \u00e0 dires d\u2019acteurs et d\u2019experts sur les enjeux cl\u00e9s du changement climatique, des ressources en eau, des activit\u00e9s et usages en lien avec l\u2019eau sur le territoire.<br><br>&#8211; Collecter des donn\u00e9es sur les diff\u00e9rents enjeux et \u00e9volutions ressorties des ateliers pour alimenter la r\u00e9flexion<br>&#8211; Construire sur la base des enjeux, des sc\u00e9narios qui anticipent des changements d\u2019ici 2050<br>&#8211; Discuter en 2021 de ces sc\u00e9narios pour aller vers la construction d\u2019un plan d\u2019actions<\/p><\/div><\/div><\/div><div class=\"grid-md-6 about-grid\"><div class=\"gutentor-single-item-image-box\"><div class=\"gutentor-image-thumb\"><img class=\"normal-image\" src=\"http:\/\/www.charente2050.fr\/wp-content\/uploads\/2020\/02\/Montage-atelier-participatif.jpg\" alt=\"\"\/><\/div><\/div><\/div><\/div><\/div><\/div><\/div><\/section>\n\n\n\n<h2>Th\u00e8mes abord\u00e9s<\/h2>\n\n\n\n<div class=\"wp-block-image is-style-default\"><figure class=\"aligncenter size-large\"><img loading=\"lazy\" width=\"1024\" height=\"948\" src=\"http:\/\/www.charente2050.fr\/wp-content\/uploads\/2021\/05\/CR-Synthese-Ateliers-Version1-Light-1024x948.jpg\" alt=\"\" class=\"wp-image-323\" srcset=\"https:\/\/www.charente2050.fr\/wp-content\/uploads\/2021\/05\/CR-Synthese-Ateliers-Version1-Light-1024x948.jpg 1024w, https:\/\/www.charente2050.fr\/wp-content\/uploads\/2021\/05\/CR-Synthese-Ateliers-Version1-Light-300x278.jpg 300w, https:\/\/www.charente2050.fr\/wp-content\/uploads\/2021\/05\/CR-Synthese-Ateliers-Version1-Light-768x711.jpg 768w, https:\/\/www.charente2050.fr\/wp-content\/uploads\/2021\/05\/CR-Synthese-Ateliers-Version1-Light.jpg 1176w\" sizes=\"(max-width: 1024px) 100vw, 1024px\" \/><\/figure><\/div>\n","protected":false},"excerpt":{"rendered":"<p>Th\u00e8mes abord\u00e9s<\/p>\n","protected":false},"author":1,"featured_media":0,"parent":61,"menu_order":0,"comment_status":"closed","ping_status":"closed","template":"","meta":{"_coblocks_attr":"","_coblocks_dimensions":"","_coblocks_responsive_height":"","_coblocks_accordion_ie_support":""},"featured_image_src":null,"featured_image_src_square":null,"uagb_featured_image_src":{"full":false,"thumbnail":false,"medium":false,"medium_large":false,"large":false,"1536x1536":false,"2048x2048":false,"ab-block-post-grid-landscape":false,"ab-block-post-grid-square":false,"ultp_layout_landscape_large":false,"ultp_layout_landscape":false,"ultp_layout_portrait":false,"ultp_layout_square":false,"gb-block-post-grid-landscape":false,"gb-block-post-grid-square":false},"uagb_author_info":{"display_name":"adminCharente2050","author_link":"https:\/\/www.charente2050.fr\/?author=1"},"uagb_comment_info":0,"uagb_excerpt":"Th\u00e8mes abord\u00e9s","_links":{"self":[{"href":"https:\/\/www.charente2050.fr\/index.php?rest_route=\/wp\/v2\/pages\/81"}],"collection":[{"href":"https:\/\/www.charente2050.fr\/index.php?rest_route=\/wp\/v2\/pages"}],"about":[{"href":"https:\/\/www.charente2050.fr\/index.php?rest_route=\/wp\/v2\/types\/page"}],"author":[{"embeddable":true,"href":"https:\/\/www.charente2050.fr\/index.php?rest_route=\/wp\/v2\/users\/1"}],"replies":[{"embeddable":true,"href":"https:\/\/www.charente2050.fr\/index.php?rest_route=%2Fwp%2Fv2%2Fcomments&post=81"}],"version-history":[{"count":6,"href":"https:\/\/www.charente2050.fr\/index.php?rest_route=\/wp\/v2\/pages\/81\/revisions"}],"predecessor-version":[{"id":371,"href":"https:\/\/www.charente2050.fr\/index.php?rest_route=\/wp\/v2\/pages\/81\/revisions\/371"}],"up":[{"embeddable":true,"href":"https:\/\/www.charente2050.fr\/index.php?rest_route=\/wp\/v2\/pages\/61"}],"wp:attachment":[{"href":"https:\/\/www.charente2050.fr\/index.php?rest_route=%2Fwp%2Fv2%2Fmedia&parent=81"}],"curies":[{"name":"wp","href":"https:\/\/api.w.org\/{rel}","templated":true}]}}