{"id":88,"date":"2020-02-25T11:56:10","date_gmt":"2020-02-25T10:56:10","guid":{"rendered":"http:\/\/www.charente2050.fr\/?page_id=88"},"modified":"2020-02-28T10:35:56","modified_gmt":"2020-02-28T09:35:56","slug":"donnees-amenagement-du-territoire","status":"publish","type":"page","link":"https:\/\/www.charente2050.fr\/?page_id=88","title":{"rendered":"Donn\u00e9es Am\u00e9nagement du territoire"},"content":{"rendered":"\n<section id=\"section-f44b1be0-6cee-4c58-8872-69ff0432b21d\" class=\"wp-block-gutentor-about-block gutentor-section gutentor-about about-template1 has-color-bg has-custom-bg\"><div class=\"grid-container\"><div class=\"gutentor-grid-item-wrap\"><div class=\"gutentor-single-item\"><div class=\"grid-row\"><div class=\"grid-md-6 about-grid\"><div class=\"gutentor-single-item-image-box\"><div class=\"gutentor-image-thumb\"><img class=\"normal-image\" src=\"http:\/\/www.charente2050.fr\/wp-content\/uploads\/2020\/02\/Donnees-re\u0301partition-sol.jpg\" alt=\"\"\/><\/div><\/div><\/div><div class=\"grid-md-6 about-grid\"><div class=\"gutentor-single-item-content\"><div class=\"gutentor-about-content\"><h3 class=\"gutentor-single-item-title\"><br><strong>Occupation du sol en 2018<\/strong><\/h3><p class=\"gutentor-single-item-desc\"><br>L<strong>\u2019occupation des sols constitue un enjeu majeur du d\u00e9veloppement territorial, \u00e9conomique et environnemental<\/strong>. Son \u00e9volution peut engendrer la perte de terres agricoles, l\u2019imperm\u00e9abilisation des surfaces, l\u2019augmentation des risques d\u2019inondation, la destruction et le cloisonnement des espaces naturels, ou encore des pertes de biodiversit\u00e9, l\u2019augmentation et l\u2019acc\u00e9l\u00e9ration de flux de polluants, etc.<\/p><\/div><\/div><\/div><\/div><\/div><\/div><\/div><\/section>\n\n\n\n<section id=\"gm104bf29\" class=\"wp-block-gutentor-m2 section-gm104bf29 gutentor-module gutentor-dynamic-columns\"><div class=\"grid-container\"><div class=\"grid-row\">\n<div class=\"wp-block-gutentor-m2-col gutentor-module gutentor-dynamic-single-column grid-lg-4 grid-md-4 grid-12\"><div id=\"section-gm8dd82d\" class=\"section-gm8dd82d gutentor-single-col\">\n<div id=\"section-gd7a756\" class=\"wp-block-gutentor-e0 section-gd7a756 gutentor-element gutentor-element-advanced-text\"><div class=\"gutentor-text-wrap\"><p class=\"gutentor-text\"><br>Une <strong>r\u00e9duction <\/strong>des surface agricoles, et notamment des terres arables, de pr\u00e8s de <strong>6% depuis 1990<\/strong><\/p><\/div><\/div>\n<\/div><\/div>\n\n\n\n<div class=\"wp-block-gutentor-m2-col gutentor-module gutentor-dynamic-single-column grid-lg-4 grid-md-4 grid-12\"><div id=\"section-gmb92679\" class=\"section-gmb92679 gutentor-single-col\">\n<div id=\"section-g6c13d9\" class=\"wp-block-gutentor-e0 section-g6c13d9 gutentor-element gutentor-element-advanced-text\"><div class=\"gutentor-text-wrap\"><p class=\"gutentor-text\"><br>Une <strong>augmentation <\/strong>de pr\u00e8s de <strong>17% des surfaces bois\u00e9es<\/strong><\/p><\/div><\/div>\n<\/div><\/div>\n\n\n\n<div class=\"wp-block-gutentor-m2-col gutentor-module gutentor-dynamic-single-column grid-lg-4 grid-md-4 grid-12\"><div id=\"section-gm4d6fc0\" class=\"section-gm4d6fc0 gutentor-single-col\">\n<div id=\"section-gf6f27c\" class=\"wp-block-gutentor-e0 section-gf6f27c gutentor-element gutentor-element-advanced-text\"><div class=\"gutentor-text-wrap\"><p class=\"gutentor-text\"><br>L\u2019\u00e9volution la plus marquante du bassin, confirm\u00e9 au niveau national, reste le doublement de <strong>l\u2019artificialisation des sols depuis 1990.<br><\/strong><\/p><\/div><\/div>\n<\/div><\/div>\n<\/div><\/div><\/section>\n\n\n\n<p><\/p>\n\n\n\n<section id=\"section-26e8596e-c791-40b4-9161-ab66988f0ca8\" class=\"wp-block-gutentor-about-block gutentor-section gutentor-about about-template4 has-color-bg has-custom-bg\"><div class=\"grid-container\"><div class=\"gutentor-grid-item-wrap\"><div class=\"gutentor-single-item\"><div class=\"grid-row\"><div class=\"grid-md-6 about-grid\"><div class=\"gutentor-single-item-content\"><div class=\"gutentor-about-content\"><h3 class=\"gutentor-single-item-title\"><br><strong>Caract\u00e9ristiques d\u00e9mographiques<\/strong><\/h3><p class=\"gutentor-single-item-desc\"><br>Le bassin est un <strong>territoire attractif <\/strong>en terme d\u00e9mographique. La population a progress\u00e9 de pr\u00e8s de <strong>+10% <\/strong>entre 1982 et 2015, repr\u00e9sentant <strong>67 781 habitants suppl\u00e9mentaires<\/strong>. <br>La croissance d\u00e9mographique est due au <strong>solde migratoire <\/strong>(<strong>+87 094 hab<\/strong>. depuis 1982) notamment en Charente Maritime, 3\u00e8me d\u00e9partement le plus attractif de la R\u00e9gion Nouvelle Aquitaine apr\u00e8s les Landes et la Gironde.<\/p><\/div><\/div><\/div><div class=\"grid-md-6 about-grid\"><div class=\"gutentor-single-item-image-box\"><div class=\"gutentor-image-thumb\"><img class=\"normal-image\" src=\"http:\/\/www.charente2050.fr\/wp-content\/uploads\/2020\/02\/Donnees-demographie.jpg\" alt=\"\"\/><\/div><\/div><\/div><\/div><\/div><\/div><\/div><\/section>\n\n\n\n<section id=\"section-0657051a-b13c-4102-87a5-7f8765fa80a5\" class=\"wp-block-gutentor-about-block gutentor-section gutentor-about about-template1 has-color-bg has-custom-bg\"><div class=\"grid-container\"><div class=\"gutentor-grid-item-wrap\"><div class=\"gutentor-single-item\"><div class=\"grid-row\"><div class=\"grid-md-6 about-grid\"><div class=\"gutentor-single-item-image-box\"><div class=\"gutentor-image-thumb\"><img class=\"normal-image\" src=\"http:\/\/www.charente2050.fr\/wp-content\/uploads\/2020\/02\/Donnees-consommation-eau.jpg\" alt=\"\"\/><\/div><\/div><\/div><div class=\"grid-md-6 about-grid\"><div class=\"gutentor-single-item-content\"><div class=\"gutentor-about-content\"><h3 class=\"gutentor-single-item-title\"><br><strong>Organisation de l\u2019alimentation en eau potable<\/strong><\/h3><p class=\"gutentor-single-item-desc\"><br>A partir du 1er janvier 2026, cette comp\u00e9tence deviendra une comp\u00e9tence obligatoire des EPCI \u00e0 fiscalit\u00e9 propre.<br>De profondes r\u00e9organisations ont eu lieu r\u00e9cemment sur le territoire dans le cadre de la loi NOTRe qui ont modifi\u00e9 les territoires des collectivit\u00e9s comp\u00e9tentes.<br><br>A l\u2019\u00e9chelle du bassin, les pr\u00e9l\u00e8vements d\u2019eau pour l\u2019alimentation en eau potable se sont \u00e9lev\u00e9s \u00e0 <strong>66,333 Mm3<\/strong> en 2017, repr\u00e9sentant 54% des pr\u00e9l\u00e8vements du bassin.<\/p><\/div><\/div><\/div><\/div><\/div><\/div><\/div><\/section>\n\n\n\n<h3>Evaluation des besoins en eau potable \u00e0 l\u2019horizon 2030<\/h3>\n\n\n\n<div class=\"wp-block-image\"><figure class=\"aligncenter size-medium is-resized\"><img src=\"http:\/\/www.charente2050.fr\/wp-content\/uploads\/2020\/02\/crop-0-0-1307-854-0-Donnees-evolution-consommation-eau.jpg\" alt=\"\" class=\"wp-image-195\" width=\"600\" srcset=\"https:\/\/www.charente2050.fr\/wp-content\/uploads\/2020\/02\/crop-0-0-1307-854-0-Donnees-evolution-consommation-eau.jpg 1307w, https:\/\/www.charente2050.fr\/wp-content\/uploads\/2020\/02\/crop-0-0-1307-854-0-Donnees-evolution-consommation-eau-300x196.jpg 300w, https:\/\/www.charente2050.fr\/wp-content\/uploads\/2020\/02\/crop-0-0-1307-854-0-Donnees-evolution-consommation-eau-1024x669.jpg 1024w, https:\/\/www.charente2050.fr\/wp-content\/uploads\/2020\/02\/crop-0-0-1307-854-0-Donnees-evolution-consommation-eau-768x502.jpg 768w\" sizes=\"(max-width: 1307px) 100vw, 1307px\" \/><\/figure><\/div>\n\n\n\n<h3>Retrouvez tout le d\u00e9tail du diagnostic et des donn\u00e9es dans les fiches ci-jointes :<\/h3>\n\n\n\n<ul>\n<li><a href=\"http:\/\/www.fleuve-charente.net\/wp-content\/files\/Charente2050\/4.1_AMENAGEMENT_Am\u00e9nagement%20et%20occupation%20du%20sol.pdf\" target=\"_blank\" rel=\"noopener noreferrer\">Fiche 4.1 Am\u00e9nagement du territoire et occupation du sol<\/a><\/li>\n<li><a href=\"http:\/\/www.fleuve-charente.net\/wp-content\/files\/Charente2050\/4.2_AMENAGEMENT_D\u00e9mographie.pdf\" target=\"_blank\" rel=\"noopener noreferrer\">Fiche 4.2 D\u00e9mographie et logement<\/a><\/li>\n<li><a href=\"http:\/\/www.fleuve-charente.net\/wp-content\/files\/Charente2050\/4.3_AMENAGEMENT_Eau potable.pdf\" target=\"_blank\" rel=\"noopener noreferrer\">Fiche 4.3 Evolution de l\u2019alimentation en eau potable<\/a><\/li>\n<li><a href=\"http:\/\/www.fleuve-charente.net\/wp-content\/files\/Charente2050\/4.4_AMENAGEMENT_Assainissement.pdf\" target=\"_blank\" rel=\"noopener noreferrer\">Fiche 4.4 Evolution de l\u2019assainissement domestique<\/a><\/li>\n<li><a href=\"http:\/\/www.fleuve-charente.net\/wp-content\/files\/Charente2050\/4.5_AMENAGEMENT_Inondation.pdf\" target=\"_blank\" rel=\"noopener noreferrer\">Fiche 4.5 Evolution du risque inondation<\/a><\/li>\n<li><a href=\"http:\/\/www.fleuve-charente.net\/wp-content\/files\/Charente2050\/4.6_AMENAGEMENT_Submersion.pdf\" target=\"_blank\" rel=\"noopener noreferrer\">Fiche 4.6 Evolution du risque submersion<\/a><\/li>\n<\/ul>\n\n\n\n<p><\/p>\n\n\n","protected":false},"excerpt":{"rendered":"<p>Evaluation des besoins en eau potable \u00e0 l\u2019horizon 2030 Retrouvez tout le d\u00e9tail du diagnostic et des donn\u00e9es dans les fiches ci-jointes : Fiche 4.1 Am\u00e9nagement du territoire et occupation du sol Fiche 4.2 D\u00e9mographie et logement Fiche 4.3 Evolution de l\u2019alimentation en eau potable Fiche 4.4 Evolution de l\u2019assainissement domestique Fiche 4.5 Evolution du [&hellip;]<\/p>\n","protected":false},"author":1,"featured_media":0,"parent":64,"menu_order":0,"comment_status":"closed","ping_status":"closed","template":"","meta":{"_coblocks_attr":"","_coblocks_dimensions":"","_coblocks_responsive_height":"","_coblocks_accordion_ie_support":""},"featured_image_src":null,"featured_image_src_square":null,"uagb_featured_image_src":{"full":false,"thumbnail":false,"medium":false,"medium_large":false,"large":false,"1536x1536":false,"2048x2048":false,"ab-block-post-grid-landscape":false,"ab-block-post-grid-square":false,"ultp_layout_landscape_large":false,"ultp_layout_landscape":false,"ultp_layout_portrait":false,"ultp_layout_square":false,"gb-block-post-grid-landscape":false,"gb-block-post-grid-square":false},"uagb_author_info":{"display_name":"adminCharente2050","author_link":"https:\/\/www.charente2050.fr\/?author=1"},"uagb_comment_info":0,"uagb_excerpt":"Evaluation des besoins en eau potable \u00e0 l\u2019horizon 2030 Retrouvez tout le d\u00e9tail du diagnostic et des donn\u00e9es dans les fiches ci-jointes : Fiche 4.1 Am\u00e9nagement du territoire et occupation du sol Fiche 4.2 D\u00e9mographie et logement Fiche 4.3 Evolution de l\u2019alimentation en eau potable Fiche 4.4 Evolution de l\u2019assainissement domestique Fiche 4.5 Evolution du\u2026","_links":{"self":[{"href":"https:\/\/www.charente2050.fr\/index.php?rest_route=\/wp\/v2\/pages\/88"}],"collection":[{"href":"https:\/\/www.charente2050.fr\/index.php?rest_route=\/wp\/v2\/pages"}],"about":[{"href":"https:\/\/www.charente2050.fr\/index.php?rest_route=\/wp\/v2\/types\/page"}],"author":[{"embeddable":true,"href":"https:\/\/www.charente2050.fr\/index.php?rest_route=\/wp\/v2\/users\/1"}],"replies":[{"embeddable":true,"href":"https:\/\/www.charente2050.fr\/index.php?rest_route=%2Fwp%2Fv2%2Fcomments&post=88"}],"version-history":[{"count":5,"href":"https:\/\/www.charente2050.fr\/index.php?rest_route=\/wp\/v2\/pages\/88\/revisions"}],"predecessor-version":[{"id":201,"href":"https:\/\/www.charente2050.fr\/index.php?rest_route=\/wp\/v2\/pages\/88\/revisions\/201"}],"up":[{"embeddable":true,"href":"https:\/\/www.charente2050.fr\/index.php?rest_route=\/wp\/v2\/pages\/64"}],"wp:attachment":[{"href":"https:\/\/www.charente2050.fr\/index.php?rest_route=%2Fwp%2Fv2%2Fmedia&parent=88"}],"curies":[{"name":"wp","href":"https:\/\/api.w.org\/{rel}","templated":true}]}}