{"id":90,"date":"2020-02-25T11:56:44","date_gmt":"2020-02-25T10:56:44","guid":{"rendered":"http:\/\/www.charente2050.fr\/?page_id=90"},"modified":"2020-02-28T15:21:00","modified_gmt":"2020-02-28T14:21:00","slug":"donnees-tourisme-et-loisirs","status":"publish","type":"page","link":"https:\/\/www.charente2050.fr\/?page_id=90","title":{"rendered":"Donn\u00e9es Tourisme et loisirs"},"content":{"rendered":"\n<h3>Les atouts du territoire<\/h3>\n\n\n\n<p><img loading=\"lazy\" class=\"size-medium wp-image-48 alignleft\" src=\"http:\/\/www.charente2050.fr\/wp-content\/uploads\/2020\/02\/130905-07-cognac_WEB-300x199.jpg\" alt=\"\" width=\"300\" height=\"199\" srcset=\"https:\/\/www.charente2050.fr\/wp-content\/uploads\/2020\/02\/130905-07-cognac_WEB-300x199.jpg 300w, https:\/\/www.charente2050.fr\/wp-content\/uploads\/2020\/02\/130905-07-cognac_WEB-1024x680.jpg 1024w, https:\/\/www.charente2050.fr\/wp-content\/uploads\/2020\/02\/130905-07-cognac_WEB-768x510.jpg 768w, https:\/\/www.charente2050.fr\/wp-content\/uploads\/2020\/02\/130905-07-cognac_WEB-600x400.jpg 600w, https:\/\/www.charente2050.fr\/wp-content\/uploads\/2020\/02\/130905-07-cognac_WEB-1200x800.jpg 1200w, https:\/\/www.charente2050.fr\/wp-content\/uploads\/2020\/02\/130905-07-cognac_WEB.jpg 1500w\" sizes=\"(max-width: 300px) 100vw, 300px\" \/>57 sites de baignade autoris\u00e9s sont recens\u00e9es sur le bassin , dont 36 en mer et 21 en eau douce.<\/p>\n\n\n\n<p>Navigation fluviale<br>La Charente est navigable en bateau habitable depuis Angoul\u00eame. Des croisi\u00e8res sur la Charente en bateaux d\u2019une capacit\u00e9 de plus de 400 personnes se font depuis le port de Rochefort. La navigation de bateaux de location reste limit\u00e9e sur la Charente et a fortement diminu\u00e9 (150 en 1995 contre 69 en 2001).<\/p>\n\n\n\n<p>2 centres de thalassoth\u00e9rapie, situ\u00e9s \u00e0 Ch\u00e2telaillon-Plage et sur l\u2019\u00eele d\u2019Ol\u00e9ron, et \u00e9galement d\u2019une station thermale situ\u00e9e \u00e0 Rochefort.<\/p>\n\n\n\n<p><img loading=\"lazy\" class=\"size-medium wp-image-24 alignright\" src=\"http:\/\/www.charente2050.fr\/wp-content\/uploads\/2020\/02\/110611-03-richemont-v2_WEB-300x200.jpg\" alt=\"\" width=\"300\" height=\"200\" srcset=\"https:\/\/www.charente2050.fr\/wp-content\/uploads\/2020\/02\/110611-03-richemont-v2_WEB-300x200.jpg 300w, https:\/\/www.charente2050.fr\/wp-content\/uploads\/2020\/02\/110611-03-richemont-v2_WEB-1024x683.jpg 1024w, https:\/\/www.charente2050.fr\/wp-content\/uploads\/2020\/02\/110611-03-richemont-v2_WEB-768x512.jpg 768w, https:\/\/www.charente2050.fr\/wp-content\/uploads\/2020\/02\/110611-03-richemont-v2_WEB-600x400.jpg 600w, https:\/\/www.charente2050.fr\/wp-content\/uploads\/2020\/02\/110611-03-richemont-v2_WEB-1200x800.jpg 1200w, https:\/\/www.charente2050.fr\/wp-content\/uploads\/2020\/02\/110611-03-richemont-v2_WEB.jpg 1500w\" sizes=\"(max-width: 300px) 100vw, 300px\" \/>Le bassin accueille le parc interr\u00e9gional du marais poitevin ainsi que 14 p\u00f4les nature comme la r\u00e9serve naturelle de Mo\u00ebze Ol\u00e9ron ou celle du marais d\u2019Yves. La Charente compte environ 11300 km de sentiers de randonn\u00e9e p\u00e9destre dont 6000 pour le d\u00e9partement de la Charente et 5300 pour la Charente-Maritime.<\/p>\n\n\n\n<div class=\"wp-block-image\"><figure class=\"aligncenter size-medium is-resized\"><img src=\"http:\/\/www.charente2050.fr\/wp-content\/uploads\/2020\/02\/Donnees-tourisme-300x82.jpg\" alt=\"\" class=\"wp-image-203\" width=\"400\" srcset=\"https:\/\/www.charente2050.fr\/wp-content\/uploads\/2020\/02\/Donnees-tourisme-300x82.jpg 300w, https:\/\/www.charente2050.fr\/wp-content\/uploads\/2020\/02\/Donnees-tourisme-1024x281.jpg 1024w, https:\/\/www.charente2050.fr\/wp-content\/uploads\/2020\/02\/Donnees-tourisme-768x211.jpg 768w, https:\/\/www.charente2050.fr\/wp-content\/uploads\/2020\/02\/Donnees-tourisme.jpg 1054w\" sizes=\"(max-width: 300px) 100vw, 300px\" \/><\/figure><\/div>\n\n\n\n<div class=\"page\" title=\"Page 20\">\n<div class=\"layoutArea\">\n<div class=\"column\">\n<h4>Impact de la fre\u0301quentation sur l\u2019alimentation en eau potable<\/h4>\n<\/div>\n<\/div>\n<\/div>\n<p><img loading=\"lazy\" class=\"wp-image-204 alignleft\" src=\"http:\/\/www.charente2050.fr\/wp-content\/uploads\/2020\/02\/Goutte-Tourisme.png\" alt=\"\" width=\"108\" height=\"108\" srcset=\"https:\/\/www.charente2050.fr\/wp-content\/uploads\/2020\/02\/Goutte-Tourisme.png 1657w, https:\/\/www.charente2050.fr\/wp-content\/uploads\/2020\/02\/Goutte-Tourisme-300x300.png 300w, https:\/\/www.charente2050.fr\/wp-content\/uploads\/2020\/02\/Goutte-Tourisme-1024x1024.png 1024w, https:\/\/www.charente2050.fr\/wp-content\/uploads\/2020\/02\/Goutte-Tourisme-150x150.png 150w, https:\/\/www.charente2050.fr\/wp-content\/uploads\/2020\/02\/Goutte-Tourisme-768x768.png 768w, https:\/\/www.charente2050.fr\/wp-content\/uploads\/2020\/02\/Goutte-Tourisme-1536x1536.png 1536w, https:\/\/www.charente2050.fr\/wp-content\/uploads\/2020\/02\/Goutte-Tourisme-600x600.png 600w\" sizes=\"(max-width: 108px) 100vw, 108px\" \/><\/p>\n<p>Avec <strong>652 000 lits touristiques<\/strong>, dont plus de 225 500 lits touristiques marchands, la Charente-Maritime posse\u0300de une tre\u0300s forte capacite\u0301 d\u2019accueil (2e\u0300me de\u0301partement franc\u0327ais). La fre\u0301quentation en Charente- Maritime a repre\u0301sente\u0301e environ 35 millions de nuite\u0301es en 2011.<\/p>\n<div class=\"page\" title=\"Page 20\">\n<div class=\"layoutArea\">\n<div class=\"column\">\n<p>La distribution journalie\u0300re d&rsquo;eau potable a\u0300 partir du re\u0301seau littoral rend compte d\u2019un <strong>doublement de la population en juillet et en aou\u0302t<\/strong>.<\/p>\n<p>\u00a0<\/p>\n<\/div>\n<\/div>\n<\/div>\n\n\n\n<h3>Retrouvez tout le d\u00e9tail du diagnostic et des donn\u00e9es dans les fiches ci-jointes :<\/h3>\n\n\n\n<ul><li><a href=\"http:\/\/www.fleuve-charente.net\/wp-content\/files\/Charente2050\/3.1_TOURISME_Tourisme%20vert%20et%20fluvial.pdf\" target=\"_blank\" rel=\"noreferrer noopener\">Fiche 3.1 Evolution du tourisme littoral, fluvial et tourisme vert<\/a><\/li><li><a href=\"http:\/\/www.fleuve-charente.net\/wp-content\/files\/Charente2050\/3.2_TOURISME_Loisirs%20li\u00e9s%20a%20l'eau.pdf\" target=\"_blank\" rel=\"noreferrer noopener\">Fiche 3.2 Evolution des loisirs en lien avec l\u2019eau<\/a><\/li><\/ul>\n","protected":false},"excerpt":{"rendered":"<p>Les atouts du territoire 57 sites de baignade autoris\u00e9s sont recens\u00e9es sur le bassin , dont 36 en mer et 21 en eau douce. Navigation fluvialeLa Charente est navigable en bateau habitable depuis Angoul\u00eame. Des croisi\u00e8res sur la Charente en bateaux d\u2019une capacit\u00e9 de plus de 400 personnes se font depuis le port de Rochefort. [&hellip;]<\/p>\n","protected":false},"author":1,"featured_media":0,"parent":64,"menu_order":0,"comment_status":"closed","ping_status":"closed","template":"","meta":{"_coblocks_attr":"","_coblocks_dimensions":"","_coblocks_responsive_height":"","_coblocks_accordion_ie_support":""},"featured_image_src":null,"featured_image_src_square":null,"uagb_featured_image_src":{"full":false,"thumbnail":false,"medium":false,"medium_large":false,"large":false,"1536x1536":false,"2048x2048":false,"ab-block-post-grid-landscape":false,"ab-block-post-grid-square":false,"ultp_layout_landscape_large":false,"ultp_layout_landscape":false,"ultp_layout_portrait":false,"ultp_layout_square":false,"gb-block-post-grid-landscape":false,"gb-block-post-grid-square":false},"uagb_author_info":{"display_name":"adminCharente2050","author_link":"https:\/\/www.charente2050.fr\/?author=1"},"uagb_comment_info":0,"uagb_excerpt":"Les atouts du territoire 57 sites de baignade autoris\u00e9s sont recens\u00e9es sur le bassin , dont 36 en mer et 21 en eau douce. Navigation fluvialeLa Charente est navigable en bateau habitable depuis Angoul\u00eame. Des croisi\u00e8res sur la Charente en bateaux d\u2019une capacit\u00e9 de plus de 400 personnes se font depuis le port de Rochefort.\u2026","_links":{"self":[{"href":"https:\/\/www.charente2050.fr\/index.php?rest_route=\/wp\/v2\/pages\/90"}],"collection":[{"href":"https:\/\/www.charente2050.fr\/index.php?rest_route=\/wp\/v2\/pages"}],"about":[{"href":"https:\/\/www.charente2050.fr\/index.php?rest_route=\/wp\/v2\/types\/page"}],"author":[{"embeddable":true,"href":"https:\/\/www.charente2050.fr\/index.php?rest_route=\/wp\/v2\/users\/1"}],"replies":[{"embeddable":true,"href":"https:\/\/www.charente2050.fr\/index.php?rest_route=%2Fwp%2Fv2%2Fcomments&post=90"}],"version-history":[{"count":7,"href":"https:\/\/www.charente2050.fr\/index.php?rest_route=\/wp\/v2\/pages\/90\/revisions"}],"predecessor-version":[{"id":212,"href":"https:\/\/www.charente2050.fr\/index.php?rest_route=\/wp\/v2\/pages\/90\/revisions\/212"}],"up":[{"embeddable":true,"href":"https:\/\/www.charente2050.fr\/index.php?rest_route=\/wp\/v2\/pages\/64"}],"wp:attachment":[{"href":"https:\/\/www.charente2050.fr\/index.php?rest_route=%2Fwp%2Fv2%2Fmedia&parent=90"}],"curies":[{"name":"wp","href":"https:\/\/api.w.org\/{rel}","templated":true}]}}