{"id":92,"date":"2020-02-25T11:57:29","date_gmt":"2020-02-25T10:57:29","guid":{"rendered":"http:\/\/www.charente2050.fr\/?page_id=92"},"modified":"2021-04-27T12:18:14","modified_gmt":"2021-04-27T10:18:14","slug":"donnees-solidarite-dusage-et-territoriale","status":"publish","type":"page","link":"https:\/\/www.charente2050.fr\/?page_id=92","title":{"rendered":"Donn\u00e9es Solidarit\u00e9 d\u2019usage et territoriale"},"content":{"rendered":"\n<h2>Solidarit\u00e9 Acteurs et Institutions<\/h2>\n\n\n\n<p><img loading=\"lazy\" class=\"size-medium wp-image-215 alignleft\" src=\"http:\/\/www.charente2050.fr\/wp-content\/uploads\/2020\/02\/100702-13-cognac_WEB-1-300x199.jpg\" alt=\"\" width=\"300\" height=\"199\" srcset=\"https:\/\/www.charente2050.fr\/wp-content\/uploads\/2020\/02\/100702-13-cognac_WEB-1-300x199.jpg 300w, https:\/\/www.charente2050.fr\/wp-content\/uploads\/2020\/02\/100702-13-cognac_WEB-1-1024x680.jpg 1024w, https:\/\/www.charente2050.fr\/wp-content\/uploads\/2020\/02\/100702-13-cognac_WEB-1-768x510.jpg 768w, https:\/\/www.charente2050.fr\/wp-content\/uploads\/2020\/02\/100702-13-cognac_WEB-1-600x400.jpg 600w, https:\/\/www.charente2050.fr\/wp-content\/uploads\/2020\/02\/100702-13-cognac_WEB-1-1200x800.jpg 1200w, https:\/\/www.charente2050.fr\/wp-content\/uploads\/2020\/02\/100702-13-cognac_WEB-1.jpg 1500w\" sizes=\"(max-width: 300px) 100vw, 300px\" \/><\/p>\n<p>De nombreux plans et programmes ont e\u0301te\u0301 progressivement mis en place sous l\u2019impulsion des acteurs locaux. A cela s\u2019ajoute l\u2019action des mai\u0302tres d\u2019ouvrage publics ou prive\u0301s localement (collectivite\u0301s, associations, &#8230;). L\u2019adaptation au changement climatique est constitutif de la gestion inte\u0301gre\u0301e des ressources en eau et donc des proce\u0301dures SAGE.<\/p>\n<p><strong>Principales compe\u0301tences GEMAPI<\/strong><\/p>\n<ul>\n<li>Ame\u0301nagement d\u2019un bassin ou d\u2019une fraction de bassin hydrographique<\/li>\n<li>Entretien et ame\u0301nagement de cours d\u2019eau, canaux, lacs, plans d\u2019eau<\/li>\n<li>La de\u0301fense contre les inondations et contre la mer<\/li>\n<li>La protection et la restauration des sites, des e\u0301cosyste\u0300mes aquatiques et des zones humides ainsi que des formations boise\u0301es riveraines<\/li>\n<\/ul>\n<p><strong>13 syndicats mixte sont compe\u0301tents en matie\u0300re de gestion des milieux aquatiques <img loading=\"lazy\" class=\"size-medium wp-image-220 alignright\" src=\"http:\/\/www.charente2050.fr\/wp-content\/uploads\/2020\/02\/Goutte-Solidarite\u0301Territoire2-300x300.png\" alt=\"\" width=\"300\" height=\"300\" srcset=\"https:\/\/www.charente2050.fr\/wp-content\/uploads\/2020\/02\/Goutte-Solidarite\u0301Territoire2-300x300.png 300w, https:\/\/www.charente2050.fr\/wp-content\/uploads\/2020\/02\/Goutte-Solidarite\u0301Territoire2-1024x1024.png 1024w, https:\/\/www.charente2050.fr\/wp-content\/uploads\/2020\/02\/Goutte-Solidarite\u0301Territoire2-150x150.png 150w, https:\/\/www.charente2050.fr\/wp-content\/uploads\/2020\/02\/Goutte-Solidarite\u0301Territoire2-768x768.png 768w, https:\/\/www.charente2050.fr\/wp-content\/uploads\/2020\/02\/Goutte-Solidarite\u0301Territoire2-1536x1536.png 1536w, https:\/\/www.charente2050.fr\/wp-content\/uploads\/2020\/02\/Goutte-Solidarite\u0301Territoire2-600x600.png 600w, https:\/\/www.charente2050.fr\/wp-content\/uploads\/2020\/02\/Goutte-Solidarite\u0301Territoire2.png 1657w\" sizes=\"(max-width: 300px) 100vw, 300px\" \/><br \/><\/strong><\/p>\n<p>La Charente de Montignac a\u0300 l\u2019Oce\u0301an et la Boutonne de Saint-Jean-d\u2019Ange\u0301ly a\u0300 sa confluence avec la Charente appartiennent au Domaine Public Fluvial (DPF).<\/p>\n<div class=\"page\" title=\"Page 23\">\n<div class=\"layoutArea\">\n<div class=\"column\">\n<h4>Solidarite\u0301 Amont-Aval<\/h4>\n<p>Le financement du soutien d\u2019e\u0301tiage est assure\u0301 par une redevance paye\u0301e par les irrigants du tronc\u0327on amont, des aides de l\u2019Agence de l\u2019Eau Adour-Garonne et des subventions.<br \/><strong>1\/3<\/strong> du de\u0301bit de la Charente a\u0300 l\u2019e\u0301tiage au niveau d&rsquo;Angoul\u00eame provient du Karst de la Rochefoucauld.<\/p>\n<\/div>\n<div class=\"page\" title=\"Page 23\">\n<div class=\"layoutArea\">\n<div class=\"column\">\n<h4>Financement et cou\u0302t de la gestion de l\u2019eau \u20ac<\/h4>\n<\/div>\n<\/div>\n<div class=\"layoutArea\">\n<div class=\"column\">\n<h5 style=\"text-align: center;\">591,542 M\u20ac de travaux 2009-2018 <br \/>237,592 M\u20ac d\u2019aide Agence de l\u2019Eau<\/h5>\n<\/div>\n<\/div>\n<div class=\"layoutArea\">\n<div class=\"column\">\n<p>La majorite\u0301 des travaux a concerne\u0301 l\u2019assainissement (38%), la lutte contre la pollution agricole (16%) et la restauration des milieux aquatiques (12%).<\/p>\n<\/div>\n<\/div>\n<\/div>\n<\/div>\n<\/div>\n\n\n\n<h2>Solidarit\u00e9 d&rsquo;usages<\/h2>\n\n\n\n<p><img loading=\"lazy\" class=\" wp-image-222 alignleft\" src=\"http:\/\/www.charente2050.fr\/wp-content\/uploads\/2020\/02\/Goutte-Solidarite\u0301Usage-150x150.png\" alt=\"\" width=\"157\" height=\"157\" srcset=\"https:\/\/www.charente2050.fr\/wp-content\/uploads\/2020\/02\/Goutte-Solidarite\u0301Usage-150x150.png 150w, https:\/\/www.charente2050.fr\/wp-content\/uploads\/2020\/02\/Goutte-Solidarite\u0301Usage-300x300.png 300w, https:\/\/www.charente2050.fr\/wp-content\/uploads\/2020\/02\/Goutte-Solidarite\u0301Usage-1024x1024.png 1024w, https:\/\/www.charente2050.fr\/wp-content\/uploads\/2020\/02\/Goutte-Solidarite\u0301Usage-768x768.png 768w, https:\/\/www.charente2050.fr\/wp-content\/uploads\/2020\/02\/Goutte-Solidarite\u0301Usage-1536x1536.png 1536w, https:\/\/www.charente2050.fr\/wp-content\/uploads\/2020\/02\/Goutte-Solidarite\u0301Usage-600x600.png 600w, https:\/\/www.charente2050.fr\/wp-content\/uploads\/2020\/02\/Goutte-Solidarite\u0301Usage.png 1657w\" sizes=\"(max-width: 157px) 100vw, 157px\" \/>L&rsquo;eau est un bien fini \u00e0 partager entre tous les usages. La ressource en eau fait l\u2019objet de nombreux usages qu\u2019il s \u2019agisse d\u2019usages \u00e9conomiques (pr\u00e9l\u00e8vements pour l\u2019irrigation et l\u2019industrie, p\u00eache et conchyliculture), de sant\u00e9 publique (alimentation en eau potable) ou d\u2019usages r\u00e9cr\u00e9atifs. Plus s\u2019intensifie l\u2019usage de la ressource, plus les risques de conflits sont forts, l\u2019eau \u00e9tant une ressource finie n\u00e9cessitant partage.<\/p>\n<p><strong>Qu\u2019est-ce qu\u2019un conflit d\u2019usage ?<\/strong><br \/>Un conflit d\u2019usage est une situation d\u2019opposition d\u00e9clar\u00e9e entre deux cat\u00e9gories d\u2019agents (individus ou groupes d\u2019individus) dont les int\u00e9r\u00eats divergent \u00e0 un moment pr\u00e9cis, lors de l\u2019usage de biens localis\u00e9s \u00e0 dimension environnementale et territoriale (sols, espaces naturels, ressources naturelles&#8230;).<\/p>\n\n\n\n<h3>Retrouvez tout le d\u00e9tail du diagnostic et des donn\u00e9es dans les fiches ci-jointes :<\/h3>\n\n\n\n<ul><li><a href=\"http:\/\/www.fleuve-charente.net\/wp-content\/files\/Charente2050\/5.1_SOLIDARITE_Acteurs et institutions.pdf\" target=\"_blank\" rel=\"noreferrer noopener\">Fiche 5.1 Acteurs et institutions du domaine de l\u2019eau<\/a><\/li><li><a href=\"http:\/\/www.fleuve-charente.net\/wp-content\/files\/Charente2050\/5.2_SOLIDARITE_Progammation et GEMAPI.pdf\" target=\"_blank\" rel=\"noreferrer noopener\">Fiche 5.2 Comp\u00e9tence GEMAPI<\/a><\/li><li><a href=\"http:\/\/www.fleuve-charente.net\/wp-content\/files\/Charente2050\/5.3_SOLIDARITE_Solidarit\u00e9 financi\u00e8re.pdf\" target=\"_blank\" rel=\"noreferrer noopener\">Fiche 5.3 Financement et co\u00fbt de la gestion de l\u2019eau<\/a><\/li><li><a href=\"http:\/\/www.fleuve-charente.net\/wp-content\/files\/Charente2050\/5.4_SOLIDARITE_solidarit\u00e9 territoriale.pdf\" target=\"_blank\" rel=\"noreferrer noopener\">Fiche 5.4 Solidarit\u00e9s entre acteurs de l\u2019eau<\/a><\/li><\/ul>\n","protected":false},"excerpt":{"rendered":"<p>Solidarit\u00e9 Acteurs et Institutions De nombreux plans et programmes ont e\u0301te\u0301 progressivement mis en place sous l\u2019impulsion des acteurs locaux. A cela s\u2019ajoute l\u2019action des mai\u0302tres d\u2019ouvrage publics ou prive\u0301s localement (collectivite\u0301s, associations, &#8230;). L\u2019adaptation au changement climatique est constitutif de la gestion inte\u0301gre\u0301e des ressources en eau et donc des proce\u0301dures SAGE. Principales compe\u0301tences [&hellip;]<\/p>\n","protected":false},"author":1,"featured_media":0,"parent":64,"menu_order":0,"comment_status":"closed","ping_status":"closed","template":"","meta":{"_coblocks_attr":"","_coblocks_dimensions":"","_coblocks_responsive_height":"","_coblocks_accordion_ie_support":""},"featured_image_src":null,"featured_image_src_square":null,"uagb_featured_image_src":{"full":false,"thumbnail":false,"medium":false,"medium_large":false,"large":false,"1536x1536":false,"2048x2048":false,"ab-block-post-grid-landscape":false,"ab-block-post-grid-square":false,"ultp_layout_landscape_large":false,"ultp_layout_landscape":false,"ultp_layout_portrait":false,"ultp_layout_square":false,"gb-block-post-grid-landscape":false,"gb-block-post-grid-square":false},"uagb_author_info":{"display_name":"adminCharente2050","author_link":"https:\/\/www.charente2050.fr\/?author=1"},"uagb_comment_info":0,"uagb_excerpt":"Solidarit\u00e9 Acteurs et Institutions De nombreux plans et programmes ont e\u0301te\u0301 progressivement mis en place sous l\u2019impulsion des acteurs locaux. A cela s\u2019ajoute l\u2019action des mai\u0302tres d\u2019ouvrage publics ou prive\u0301s localement (collectivite\u0301s, associations, &#8230;). L\u2019adaptation au changement climatique est constitutif de la gestion inte\u0301gre\u0301e des ressources en eau et donc des proce\u0301dures SAGE. Principales compe\u0301tences\u2026","_links":{"self":[{"href":"https:\/\/www.charente2050.fr\/index.php?rest_route=\/wp\/v2\/pages\/92"}],"collection":[{"href":"https:\/\/www.charente2050.fr\/index.php?rest_route=\/wp\/v2\/pages"}],"about":[{"href":"https:\/\/www.charente2050.fr\/index.php?rest_route=\/wp\/v2\/types\/page"}],"author":[{"embeddable":true,"href":"https:\/\/www.charente2050.fr\/index.php?rest_route=\/wp\/v2\/users\/1"}],"replies":[{"embeddable":true,"href":"https:\/\/www.charente2050.fr\/index.php?rest_route=%2Fwp%2Fv2%2Fcomments&post=92"}],"version-history":[{"count":11,"href":"https:\/\/www.charente2050.fr\/index.php?rest_route=\/wp\/v2\/pages\/92\/revisions"}],"predecessor-version":[{"id":285,"href":"https:\/\/www.charente2050.fr\/index.php?rest_route=\/wp\/v2\/pages\/92\/revisions\/285"}],"up":[{"embeddable":true,"href":"https:\/\/www.charente2050.fr\/index.php?rest_route=\/wp\/v2\/pages\/64"}],"wp:attachment":[{"href":"https:\/\/www.charente2050.fr\/index.php?rest_route=%2Fwp%2Fv2%2Fmedia&parent=92"}],"curies":[{"name":"wp","href":"https:\/\/api.w.org\/{rel}","templated":true}]}}